{"id":18,"date":"2015-04-04T17:57:41","date_gmt":"2015-04-04T15:57:41","guid":{"rendered":"http:\/\/imuna.sk\/?page_id=18"},"modified":"2019-10-25T15:18:09","modified_gmt":"2019-10-25T13:18:09","slug":"o-nas","status":"publish","type":"page","link":"https:\/\/www.imuna.sk\/en\/o-nas\/","title":{"rendered":"About us"},"content":{"rendered":"<p>IMUNA PHARM, a.s. with residence in \u0160ari\u0161sk\u00e9 Micha\u013eany is a Slovak company which operates in the pharmaceutical industry. The company\u00b4s focus is on pharmaceutical manufacture, which itself is subject to the application of highly demanding manufacturing processes and strict criteria set and upheld by the World Health Organization (WHO) and which are in accord with the legislature of the European Union.<\/p>\n<p>During the last 60 years of the company\u00b4s existence it has gone through a number of changes primarily in the field of technological development, the field of bussiness development and in the field of strategic activity. IMUNA PHARM has been a private company since 2002.<\/p>\n<p>In the last few years IMUNA PHARM, a.s has, through the usage of EU funds, modernised and renovated it\u00b4s capacities for production, thanks to which it has been able to create more opportunities and expand on to foreign markets.<\/p>\n<p><strong>IMUNA PHARM, a.s. \u0160ari\u0161sk\u00e9 Micha\u013eany is a holder of the following certificates: GMP, ISO and CE.<\/strong><\/p>\n<p>&nbsp;<\/p>\n<p>&nbsp;<\/p>\n<p>&nbsp;<\/p>\n<style type=\"text\/css\">\r\n\t#foogallery-gallery-1185 .fg-image {\r\n        width: 200px;\r\n    }\r\n<\/style>\r\n\t\t\t\t<div class=\"foogallery foogallery-container foogallery-default foogallery-lightbox-foobox fg-gutter-10 fg-center fg-default fg-light fg-border-thin fg-shadow-outline fg-loading-partial fg-loaded-fade-in fg-caption-hover fg-hover-fade fg-hover-zoom fg-ready\" id=\"foogallery-gallery-1185\" data-foogallery=\"{&quot;item&quot;:{&quot;showCaptionTitle&quot;:true,&quot;showCaptionDescription&quot;:true},&quot;lazy&quot;:true}\" >\r\n\t<div class=\"fg-item fg-type-image fg-idle\"><figure class=\"fg-item-inner\"><a href=\"https:\/\/www.imuna.sk\/wp-content\/uploads\/2019\/10\/DSC_3941-Edit.jpg\" data-attachment-id=\"1183\" class=\"fg-thumb\"><span class=\"fg-image-wrap\"><img width=\"200\" height=\"200\" class=\"skip-lazy fg-image\" data-src-fg=\"https:\/\/www.imuna.sk\/wp-content\/uploads\/cache\/2019\/10\/DSC_3941-Edit\/3355236332.jpg\" src=\"data:image\/svg+xml,%3Csvg%20xmlns%3D%22http%3A%2F%2Fwww.w3.org%2F2000%2Fsvg%22%20width%3D%22200%22%20height%3D%22200%22%20viewBox%3D%220%200%20200%20200%22%3E%3C%2Fsvg%3E\" loading=\"eager\"><\/span><span class=\"fg-image-overlay\"><\/span><\/a><figcaption class=\"fg-caption\"><div class=\"fg-caption-inner\"><\/div><\/figcaption><\/figure><div class=\"fg-loader\"><\/div><\/div><div class=\"fg-item fg-type-image fg-idle\"><figure class=\"fg-item-inner\"><a href=\"https:\/\/www.imuna.sk\/wp-content\/uploads\/2019\/10\/DJI_0168-Edit.jpg\" data-attachment-id=\"1184\" class=\"fg-thumb\"><span class=\"fg-image-wrap\"><img width=\"200\" height=\"200\" class=\"skip-lazy fg-image\" data-src-fg=\"https:\/\/www.imuna.sk\/wp-content\/uploads\/cache\/2019\/10\/DJI_0168-Edit\/2467176094.jpg\" src=\"data:image\/svg+xml,%3Csvg%20xmlns%3D%22http%3A%2F%2Fwww.w3.org%2F2000%2Fsvg%22%20width%3D%22200%22%20height%3D%22200%22%20viewBox%3D%220%200%20200%20200%22%3E%3C%2Fsvg%3E\" loading=\"eager\"><\/span><span class=\"fg-image-overlay\"><\/span><\/a><figcaption class=\"fg-caption\"><div class=\"fg-caption-inner\"><\/div><\/figcaption><\/figure><div class=\"fg-loader\"><\/div><\/div><div class=\"fg-item fg-type-image fg-idle\"><figure class=\"fg-item-inner\"><a href=\"https:\/\/www.imuna.sk\/wp-content\/uploads\/2019\/10\/DSC_3779.jpg\" data-attachment-id=\"1123\" class=\"fg-thumb\"><span class=\"fg-image-wrap\"><img width=\"200\" height=\"200\" class=\"skip-lazy fg-image\" data-src-fg=\"https:\/\/www.imuna.sk\/wp-content\/uploads\/cache\/2019\/10\/DSC_3779\/1834003849.jpg\" src=\"data:image\/svg+xml,%3Csvg%20xmlns%3D%22http%3A%2F%2Fwww.w3.org%2F2000%2Fsvg%22%20width%3D%22200%22%20height%3D%22200%22%20viewBox%3D%220%200%20200%20200%22%3E%3C%2Fsvg%3E\" loading=\"eager\"><\/span><span class=\"fg-image-overlay\"><\/span><\/a><figcaption class=\"fg-caption\"><div class=\"fg-caption-inner\"><\/div><\/figcaption><\/figure><div class=\"fg-loader\"><\/div><\/div><div class=\"fg-item fg-type-image fg-idle\"><figure class=\"fg-item-inner\"><a href=\"https:\/\/www.imuna.sk\/wp-content\/uploads\/2019\/10\/DSC_3953.jpg\" data-attachment-id=\"1176\" class=\"fg-thumb\"><span class=\"fg-image-wrap\"><img width=\"200\" height=\"200\" class=\"skip-lazy fg-image\" data-src-fg=\"https:\/\/www.imuna.sk\/wp-content\/uploads\/cache\/2019\/10\/DSC_3953\/3966412893.jpg\" src=\"data:image\/svg+xml,%3Csvg%20xmlns%3D%22http%3A%2F%2Fwww.w3.org%2F2000%2Fsvg%22%20width%3D%22200%22%20height%3D%22200%22%20viewBox%3D%220%200%20200%20200%22%3E%3C%2Fsvg%3E\" loading=\"eager\"><\/span><span class=\"fg-image-overlay\"><\/span><\/a><figcaption class=\"fg-caption\"><div class=\"fg-caption-inner\"><\/div><\/figcaption><\/figure><div class=\"fg-loader\"><\/div><\/div><div class=\"fg-item fg-type-image fg-idle\"><figure class=\"fg-item-inner\"><a href=\"https:\/\/www.imuna.sk\/wp-content\/uploads\/2019\/10\/DSC_3968.jpg\" data-attachment-id=\"1178\" class=\"fg-thumb\"><span class=\"fg-image-wrap\"><img width=\"200\" height=\"200\" class=\"skip-lazy fg-image\" data-src-fg=\"https:\/\/www.imuna.sk\/wp-content\/uploads\/cache\/2019\/10\/DSC_3968\/1502382352.jpg\" src=\"data:image\/svg+xml,%3Csvg%20xmlns%3D%22http%3A%2F%2Fwww.w3.org%2F2000%2Fsvg%22%20width%3D%22200%22%20height%3D%22200%22%20viewBox%3D%220%200%20200%20200%22%3E%3C%2Fsvg%3E\" loading=\"eager\"><\/span><span class=\"fg-image-overlay\"><\/span><\/a><figcaption class=\"fg-caption\"><div class=\"fg-caption-inner\"><\/div><\/figcaption><\/figure><div class=\"fg-loader\"><\/div><\/div><div class=\"fg-item fg-type-image fg-idle\"><figure class=\"fg-item-inner\"><a href=\"https:\/\/www.imuna.sk\/wp-content\/uploads\/2019\/10\/DSC_3966.jpg\" data-attachment-id=\"1177\" class=\"fg-thumb\"><span class=\"fg-image-wrap\"><img width=\"200\" height=\"200\" class=\"skip-lazy fg-image\" data-src-fg=\"https:\/\/www.imuna.sk\/wp-content\/uploads\/cache\/2019\/10\/DSC_3966\/2290592773.jpg\" src=\"data:image\/svg+xml,%3Csvg%20xmlns%3D%22http%3A%2F%2Fwww.w3.org%2F2000%2Fsvg%22%20width%3D%22200%22%20height%3D%22200%22%20viewBox%3D%220%200%20200%20200%22%3E%3C%2Fsvg%3E\" loading=\"eager\"><\/span><span class=\"fg-image-overlay\"><\/span><\/a><figcaption class=\"fg-caption\"><div class=\"fg-caption-inner\"><\/div><\/figcaption><\/figure><div class=\"fg-loader\"><\/div><\/div><div class=\"fg-item fg-type-image fg-idle\"><figure class=\"fg-item-inner\"><a href=\"https:\/\/www.imuna.sk\/wp-content\/uploads\/2019\/10\/DSC_3972u.jpg\" data-attachment-id=\"1199\" class=\"fg-thumb\"><span class=\"fg-image-wrap\"><img width=\"200\" height=\"200\" class=\"skip-lazy fg-image\" data-src-fg=\"https:\/\/www.imuna.sk\/wp-content\/uploads\/cache\/2019\/10\/DSC_3972u\/1714714017.jpg\" src=\"data:image\/svg+xml,%3Csvg%20xmlns%3D%22http%3A%2F%2Fwww.w3.org%2F2000%2Fsvg%22%20width%3D%22200%22%20height%3D%22200%22%20viewBox%3D%220%200%20200%20200%22%3E%3C%2Fsvg%3E\" loading=\"eager\"><\/span><span class=\"fg-image-overlay\"><\/span><\/a><figcaption class=\"fg-caption\"><div class=\"fg-caption-inner\"><\/div><\/figcaption><\/figure><div class=\"fg-loader\"><\/div><\/div><\/div>\r\n\n<p>&nbsp;<\/p>","protected":false},"excerpt":{"rendered":"<p>IMUNA PHARM, a.s. with residence in \u0160ari\u0161sk\u00e9 Micha\u013eany is a Slovak company which operates in the pharmaceutical industry. The company\u00b4s focus is on pharmaceutical manufacture, which itself is subject to the application of highly demanding manufacturing processes and strict criteria set and upheld by the World Health Organization (WHO) and which are in accord with [&hellip;]<\/p>\n","protected":false},"author":1,"featured_media":29,"parent":0,"menu_order":0,"comment_status":"closed","ping_status":"closed","template":"","meta":[],"_links":{"self":[{"href":"https:\/\/www.imuna.sk\/en\/wp-json\/wp\/v2\/pages\/18"}],"collection":[{"href":"https:\/\/www.imuna.sk\/en\/wp-json\/wp\/v2\/pages"}],"about":[{"href":"https:\/\/www.imuna.sk\/en\/wp-json\/wp\/v2\/types\/page"}],"author":[{"embeddable":true,"href":"https:\/\/www.imuna.sk\/en\/wp-json\/wp\/v2\/users\/1"}],"replies":[{"embeddable":true,"href":"https:\/\/www.imuna.sk\/en\/wp-json\/wp\/v2\/comments?post=18"}],"version-history":[{"count":18,"href":"https:\/\/www.imuna.sk\/en\/wp-json\/wp\/v2\/pages\/18\/revisions"}],"predecessor-version":[{"id":1192,"href":"https:\/\/www.imuna.sk\/en\/wp-json\/wp\/v2\/pages\/18\/revisions\/1192"}],"wp:featuredmedia":[{"embeddable":true,"href":"https:\/\/www.imuna.sk\/en\/wp-json\/wp\/v2\/media\/29"}],"wp:attachment":[{"href":"https:\/\/www.imuna.sk\/en\/wp-json\/wp\/v2\/media?parent=18"}],"curies":[{"name":"wp","href":"https:\/\/api.w.org\/{rel}","templated":true}]}}