{"id":181,"date":"2015-04-11T10:48:04","date_gmt":"2015-04-11T08:48:04","guid":{"rendered":"http:\/\/imuna.sk\/?page_id=181"},"modified":"2015-05-04T22:43:25","modified_gmt":"2015-05-04T20:43:25","slug":"hlasenie-podozrenia-na-neziaduci-ucinok-lieku-od-pacienta","status":"publish","type":"page","link":"https:\/\/www.imuna.sk\/en\/kontakt\/hlasenie-neziaducich-ucinkov\/hlasenie-podozrenia-na-neziaduci-ucinok-lieku-od-pacienta\/","title":{"rendered":"Hl\u00e1senie podozrenia na ne\u017eiaduci \u00fa\u010dinok lieku<br \/>od pacienta"},"content":{"rendered":"<p class=\"qtranxs-available-languages-message qtranxs-available-languages-message-en\">Sorry, this entry is only available in <a href=\"https:\/\/www.imuna.sk\/sk\/wp-json\/wp\/v2\/pages\/181\" class=\"qtranxs-available-language-link qtranxs-available-language-link-sk\" title=\"SK\">Slovak<\/a>.<\/p>","protected":false},"excerpt":{"rendered":"<p>Sorry, this entry is only available in Slovak.<\/p>\n","protected":false},"author":1,"featured_media":0,"parent":72,"menu_order":0,"comment_status":"closed","ping_status":"closed","template":"","meta":[],"_links":{"self":[{"href":"https:\/\/www.imuna.sk\/en\/wp-json\/wp\/v2\/pages\/181"}],"collection":[{"href":"https:\/\/www.imuna.sk\/en\/wp-json\/wp\/v2\/pages"}],"about":[{"href":"https:\/\/www.imuna.sk\/en\/wp-json\/wp\/v2\/types\/page"}],"author":[{"embeddable":true,"href":"https:\/\/www.imuna.sk\/en\/wp-json\/wp\/v2\/users\/1"}],"replies":[{"embeddable":true,"href":"https:\/\/www.imuna.sk\/en\/wp-json\/wp\/v2\/comments?post=181"}],"version-history":[{"count":0,"href":"https:\/\/www.imuna.sk\/en\/wp-json\/wp\/v2\/pages\/181\/revisions"}],"up":[{"embeddable":true,"href":"https:\/\/www.imuna.sk\/en\/wp-json\/wp\/v2\/pages\/72"}],"wp:attachment":[{"href":"https:\/\/www.imuna.sk\/en\/wp-json\/wp\/v2\/media?parent=181"}],"curies":[{"name":"wp","href":"https:\/\/api.w.org\/{rel}","templated":true}]}}