{"id":57,"date":"2015-04-08T16:58:29","date_gmt":"2015-04-08T14:58:29","guid":{"rendered":"http:\/\/imuna.sk\/?page_id=57"},"modified":"2019-10-25T15:22:23","modified_gmt":"2019-10-25T13:22:23","slug":"historia-spolocnosti","status":"publish","type":"page","link":"https:\/\/www.imuna.sk\/en\/o-nas\/historia-spolocnosti\/","title":{"rendered":"History of the company"},"content":{"rendered":"<p>The corporate predecessor of IMUNA PHARM, a.s. was founded in \u0160ari\u0161sk\u00e9 Micha\u013eany, Slovakia, on 1. January 1953, as the state-owned company Imuna \u0161.p.<\/p>\n<p>The first batch of anti-tetanus serum and vaccines was produced three years later. Gradually, our activities expanded to other areas of manufacture and research \u2013 vaccines, blood plasma preparations, culture media, diagnostic preparations, infusions, dialysis solutions, preservative solutions, dietetic substances and additives, tablets and veterinary medicines.<\/p>\n<p>Manufacture of blood derivatives was initiated one year after production at Imuna was launched in 1957. Our production technology was based on fractionation methods developed at the Czechoslovak Academy of Sciences and tested at the Institute of Haematology and Blood Transfusion in Prague. The first preparations to be manufactured were fibrin foam, fibrin film, and 20% albumin. Immunoglobulin production was begun shortly after and the IVEGA intravenous solution, produced since 1979, was an important product in this regard. Imuna was the exclusive processing plant for Czech and Slovak blood plasma for blood derivatives and dried human plasma. Currently, IMUNA PHARM, a.s. administers plasma collection in the Slovak Republic and cooperates with the Spanish company Instituto Grifols where it is separately processed and returned to the Slovak market in the form of medical substances. At present, IMUNA PHARM, a.s. is the only company in Slovakia to offer blood derivatives from Slovak plasma.<\/p>\n<p>The manufacture of infusions and microbiological diagnostic preparations was launched in 1957, together with the manufacture of blood derivatives.<\/p>\n<p>In 1971, the production of solid medical substances in tablet form \u2013 adsorbents \u2013 was transferred to Imuna.<br \/>\nSince 1976, patients with phenylketonuria have been able to use a special dietetic preparation based on sugars and digested proteins called Sinfenal. Later, a similar preparation with added minerals was put into production under the product name Sinfemix. Both substances contain phenylalanine-free amino acids. In 1994, a purely amino-acid-based preparation, Aminoacid, began to be manufactured; it was intended as a source of protein energy for athletes under physical exertion. In 2004, this product was replaced by the preparations SinPhe1 and Sinphe Basic upon the conclusion of their development process. At present, IMUNA PHARM, a.s. also produces the dietetic preparation SinPhe 1 junior for children 1 to 8 years of age.<\/p>\n<p>IMUNA PHARM, a.s. took over part of the original company Imuna \u0161.p. production range and continues to manufacture these products, market them and invest into further research and development. The existing product range was supplemented by new methods of manufacture and new product lines with emphasis on biotechnology such as vaccines, cell implants, immunomodulators, probiotics, lysates and other substances.<\/p>\n<p>In recent years, IMUNA PHARM, a.s. has undergone a number of transformations, especially in areas of technological development, marketing development and strategic development. It continues the advances by which it has become a modern manufacturing pharmaceutical company successful in its current market. Its corporate goals are to transform the quality and tradition of the company on the Central European market into the global arena.<\/p>\n<p>Important milestones in the history of IMUNA PHARM, a.s.:<\/p>\n<ul>\n<li>1953 &#8211; IMUNA \u0161.p. was founded<\/li>\n<li>1956 &#8211; production of anti-tetanus vaccine started<\/li>\n<li>1957 &#8211; production of blood derivatives and microbiological diagnostic products begunsolution programme launched (infusions and dialysis concentrates)<\/li>\n<li>1960 &#8211; production of culture media launched<\/li>\n<li>1971 &#8211; production of absorbents transferred from Slovakofarma to Imuna<\/li>\n<li>1976 &#8211; production of dietetic substances for patients with phenylketonuria initiated<\/li>\n<li>1979 &#8211; production of immunoglobulins \u2013 with the IVEGA intravenous treatment being most frequently used<\/li>\n<\/ul>\n<hr \/>\n<ul>\n<li>2002 &#8211; IMUNA PHARM, a.s. was established<\/li>\n<li>2007 &#8211; production of cell implants commenced<\/li>\n<li>2008 &#8211; production of probiotics instigated<\/li>\n<li>2010 &#8211; production of vaccines started<\/li>\n<\/ul>\n<hr \/>\n<ul>\n<li>2015 \u2013 modernisation of manufacturing of dialysis solutions<\/li>\n<li>2016 &#8211; opening of a <strong>new plant for production of infusion solutions<\/strong><\/li>\n<\/ul>\n<p>&nbsp;<\/p>\n<p><style type=\"text\/css\">\r\n\t#foogallery-gallery-1194 .fg-image {\r\n        width: 200px;\r\n    }\r\n<\/style>\r\n\t\t\t\t<div class=\"foogallery foogallery-container foogallery-default foogallery-lightbox-foobox fg-gutter-10 fg-center fg-default fg-light fg-border-thin fg-shadow-outline fg-loading-default fg-loaded-fade-in fg-caption-hover fg-hover-fade fg-hover-zoom fg-ready\" id=\"foogallery-gallery-1194\" data-foogallery=\"{&quot;item&quot;:{&quot;showCaptionTitle&quot;:true,&quot;showCaptionDescription&quot;:true},&quot;lazy&quot;:true}\" >\r\n\t<div class=\"fg-item fg-type-image fg-idle\"><figure class=\"fg-item-inner\"><a href=\"https:\/\/www.imuna.sk\/wp-content\/uploads\/2015\/04\/Foto-oldies-2small.jpg\" data-caption-title=\"Hist\u00f3ria spolo\u010dnosti\" data-attachment-id=\"264\" class=\"fg-thumb\"><span class=\"fg-image-wrap\"><img alt=\"Hist\u00f3ria spolo\u010dnosti\" title=\"Hist\u00f3ria spolo\u010dnosti\" width=\"200\" height=\"200\" class=\"skip-lazy fg-image\" data-src-fg=\"https:\/\/www.imuna.sk\/wp-content\/uploads\/cache\/2015\/04\/Foto-oldies-2small\/3121994045.jpg\" src=\"data:image\/svg+xml,%3Csvg%20xmlns%3D%22http%3A%2F%2Fwww.w3.org%2F2000%2Fsvg%22%20width%3D%22200%22%20height%3D%22200%22%20viewBox%3D%220%200%20200%20200%22%3E%3C%2Fsvg%3E\" loading=\"eager\"><\/span><span class=\"fg-image-overlay\"><\/span><\/a><figcaption class=\"fg-caption\"><div class=\"fg-caption-inner\"><div class=\"fg-caption-title\">Hist\u00f3ria spolo\u010dnosti<\/div><\/div><\/figcaption><\/figure><div class=\"fg-loader\"><\/div><\/div><div class=\"fg-item fg-type-image fg-idle\"><figure class=\"fg-item-inner\"><a href=\"https:\/\/www.imuna.sk\/wp-content\/uploads\/2015\/04\/Foto-oldies-1small.jpg\" data-caption-title=\"Hist\u00f3ria spolo\u010dnosti\" data-attachment-id=\"263\" class=\"fg-thumb\"><span class=\"fg-image-wrap\"><img alt=\"Hist\u00f3ria spolo\u010dnosti\" title=\"Hist\u00f3ria spolo\u010dnosti\" width=\"200\" height=\"200\" class=\"skip-lazy fg-image\" data-src-fg=\"https:\/\/www.imuna.sk\/wp-content\/uploads\/cache\/2015\/04\/Foto-oldies-1small\/1275159576.jpg\" src=\"data:image\/svg+xml,%3Csvg%20xmlns%3D%22http%3A%2F%2Fwww.w3.org%2F2000%2Fsvg%22%20width%3D%22200%22%20height%3D%22200%22%20viewBox%3D%220%200%20200%20200%22%3E%3C%2Fsvg%3E\" loading=\"eager\"><\/span><span class=\"fg-image-overlay\"><\/span><\/a><figcaption class=\"fg-caption\"><div class=\"fg-caption-inner\"><div class=\"fg-caption-title\">Hist\u00f3ria spolo\u010dnosti<\/div><\/div><\/figcaption><\/figure><div class=\"fg-loader\"><\/div><\/div><div class=\"fg-item fg-type-image fg-idle\"><figure class=\"fg-item-inner\"><a href=\"https:\/\/www.imuna.sk\/wp-content\/uploads\/2015\/04\/Foto-7small.jpg\" data-caption-title=\"Hist\u00f3ria spolo\u010dnosti\" data-attachment-id=\"262\" class=\"fg-thumb\"><span class=\"fg-image-wrap\"><img alt=\"Hist\u00f3ria spolo\u010dnosti\" title=\"Hist\u00f3ria spolo\u010dnosti\" width=\"200\" height=\"200\" class=\"skip-lazy fg-image\" data-src-fg=\"https:\/\/www.imuna.sk\/wp-content\/uploads\/cache\/2015\/04\/Foto-7small\/4178838808.jpg\" src=\"data:image\/svg+xml,%3Csvg%20xmlns%3D%22http%3A%2F%2Fwww.w3.org%2F2000%2Fsvg%22%20width%3D%22200%22%20height%3D%22200%22%20viewBox%3D%220%200%20200%20200%22%3E%3C%2Fsvg%3E\" loading=\"eager\"><\/span><span class=\"fg-image-overlay\"><\/span><\/a><figcaption class=\"fg-caption\"><div class=\"fg-caption-inner\"><div class=\"fg-caption-title\">Hist\u00f3ria spolo\u010dnosti<\/div><\/div><\/figcaption><\/figure><div class=\"fg-loader\"><\/div><\/div><div class=\"fg-item fg-type-image fg-idle\"><figure class=\"fg-item-inner\"><a href=\"https:\/\/www.imuna.sk\/wp-content\/uploads\/2015\/04\/FOTO-5.jpg\" data-caption-title=\"Hist\u00f3ria spolo\u010dnosti\" data-attachment-id=\"261\" class=\"fg-thumb\"><span class=\"fg-image-wrap\"><img alt=\"Hist\u00f3ria spolo\u010dnosti\" title=\"Hist\u00f3ria spolo\u010dnosti\" width=\"200\" height=\"200\" class=\"skip-lazy fg-image\" data-src-fg=\"https:\/\/www.imuna.sk\/wp-content\/uploads\/cache\/2015\/04\/FOTO-5\/583319440.jpg\" src=\"data:image\/svg+xml,%3Csvg%20xmlns%3D%22http%3A%2F%2Fwww.w3.org%2F2000%2Fsvg%22%20width%3D%22200%22%20height%3D%22200%22%20viewBox%3D%220%200%20200%20200%22%3E%3C%2Fsvg%3E\" loading=\"eager\"><\/span><span class=\"fg-image-overlay\"><\/span><\/a><figcaption class=\"fg-caption\"><div class=\"fg-caption-inner\"><div class=\"fg-caption-title\">Hist\u00f3ria spolo\u010dnosti<\/div><\/div><\/figcaption><\/figure><div class=\"fg-loader\"><\/div><\/div><div class=\"fg-item fg-type-image fg-idle\"><figure class=\"fg-item-inner\"><a href=\"https:\/\/www.imuna.sk\/wp-content\/uploads\/2015\/04\/FOTO-4.jpg\" data-caption-title=\"Hist\u00f3ria spolo\u010dnosti\" data-attachment-id=\"260\" class=\"fg-thumb\"><span class=\"fg-image-wrap\"><img alt=\"Hist\u00f3ria spolo\u010dnosti\" title=\"Hist\u00f3ria spolo\u010dnosti\" width=\"200\" height=\"200\" class=\"skip-lazy fg-image\" data-src-fg=\"https:\/\/www.imuna.sk\/wp-content\/uploads\/cache\/2015\/04\/FOTO-4\/4026661360.jpg\" src=\"data:image\/svg+xml,%3Csvg%20xmlns%3D%22http%3A%2F%2Fwww.w3.org%2F2000%2Fsvg%22%20width%3D%22200%22%20height%3D%22200%22%20viewBox%3D%220%200%20200%20200%22%3E%3C%2Fsvg%3E\" loading=\"eager\"><\/span><span class=\"fg-image-overlay\"><\/span><\/a><figcaption class=\"fg-caption\"><div class=\"fg-caption-inner\"><div class=\"fg-caption-title\">Hist\u00f3ria spolo\u010dnosti<\/div><\/div><\/figcaption><\/figure><div class=\"fg-loader\"><\/div><\/div><\/div>\r\n<\/p>","protected":false},"excerpt":{"rendered":"<p>The corporate predecessor of IMUNA PHARM, a.s. was founded in \u0160ari\u0161sk\u00e9 Micha\u013eany, Slovakia, on 1. January 1953, as the state-owned company Imuna \u0161.p. The first batch of anti-tetanus serum and vaccines was produced three years later. Gradually, our activities expanded to other areas of manufacture and research \u2013 vaccines, blood plasma preparations, culture media, diagnostic [&hellip;]<\/p>\n","protected":false},"author":1,"featured_media":0,"parent":18,"menu_order":0,"comment_status":"closed","ping_status":"closed","template":"","meta":[],"_links":{"self":[{"href":"https:\/\/www.imuna.sk\/en\/wp-json\/wp\/v2\/pages\/57"}],"collection":[{"href":"https:\/\/www.imuna.sk\/en\/wp-json\/wp\/v2\/pages"}],"about":[{"href":"https:\/\/www.imuna.sk\/en\/wp-json\/wp\/v2\/types\/page"}],"author":[{"embeddable":true,"href":"https:\/\/www.imuna.sk\/en\/wp-json\/wp\/v2\/users\/1"}],"replies":[{"embeddable":true,"href":"https:\/\/www.imuna.sk\/en\/wp-json\/wp\/v2\/comments?post=57"}],"version-history":[{"count":10,"href":"https:\/\/www.imuna.sk\/en\/wp-json\/wp\/v2\/pages\/57\/revisions"}],"predecessor-version":[{"id":1196,"href":"https:\/\/www.imuna.sk\/en\/wp-json\/wp\/v2\/pages\/57\/revisions\/1196"}],"up":[{"embeddable":true,"href":"https:\/\/www.imuna.sk\/en\/wp-json\/wp\/v2\/pages\/18"}],"wp:attachment":[{"href":"https:\/\/www.imuna.sk\/en\/wp-json\/wp\/v2\/media?parent=57"}],"curies":[{"name":"wp","href":"https:\/\/api.w.org\/{rel}","templated":true}]}}