{"id":72,"date":"2015-04-08T17:21:09","date_gmt":"2015-04-08T15:21:09","guid":{"rendered":"http:\/\/imuna.sk\/?page_id=72"},"modified":"2019-10-14T14:05:50","modified_gmt":"2019-10-14T12:05:50","slug":"hlasenie-neziaducich-ucinkov","status":"publish","type":"page","link":"https:\/\/www.imuna.sk\/en\/kontakt\/hlasenie-neziaducich-ucinkov\/","title":{"rendered":"Hl\u00e1senie ne\u017eiaducich \u00fa\u010dinkov"},"content":{"rendered":"<p class=\"qtranxs-available-languages-message qtranxs-available-languages-message-en\">Sorry, this entry is only available in <a href=\"https:\/\/www.imuna.sk\/sk\/wp-json\/wp\/v2\/pages\/72\" class=\"qtranxs-available-language-link qtranxs-available-language-link-sk\" title=\"SK\">Slovak<\/a>.<\/p>","protected":false},"excerpt":{"rendered":"<p>Sorry, this entry is only available in Slovak.<\/p>\n","protected":false},"author":1,"featured_media":0,"parent":70,"menu_order":0,"comment_status":"closed","ping_status":"closed","template":"","meta":[],"_links":{"self":[{"href":"https:\/\/www.imuna.sk\/en\/wp-json\/wp\/v2\/pages\/72"}],"collection":[{"href":"https:\/\/www.imuna.sk\/en\/wp-json\/wp\/v2\/pages"}],"about":[{"href":"https:\/\/www.imuna.sk\/en\/wp-json\/wp\/v2\/types\/page"}],"author":[{"embeddable":true,"href":"https:\/\/www.imuna.sk\/en\/wp-json\/wp\/v2\/users\/1"}],"replies":[{"embeddable":true,"href":"https:\/\/www.imuna.sk\/en\/wp-json\/wp\/v2\/comments?post=72"}],"version-history":[{"count":4,"href":"https:\/\/www.imuna.sk\/en\/wp-json\/wp\/v2\/pages\/72\/revisions"}],"predecessor-version":[{"id":362,"href":"https:\/\/www.imuna.sk\/en\/wp-json\/wp\/v2\/pages\/72\/revisions\/362"}],"up":[{"embeddable":true,"href":"https:\/\/www.imuna.sk\/en\/wp-json\/wp\/v2\/pages\/70"}],"wp:attachment":[{"href":"https:\/\/www.imuna.sk\/en\/wp-json\/wp\/v2\/media?parent=72"}],"curies":[{"name":"wp","href":"https:\/\/api.w.org\/{rel}","templated":true}]}}